{"id":10,"date":"2016-06-21T06:24:14","date_gmt":"2016-06-21T06:24:14","guid":{"rendered":"http:\/\/one-wpthemes.com\/theme4\/?page_id=10"},"modified":"2020-05-24T22:54:18","modified_gmt":"2020-05-24T20:54:18","slug":"home","status":"publish","type":"page","link":"https:\/\/www.taxitjanst-sotenas.se\/","title":{"rendered":"V\u00e4lkommen"},"content":{"rendered":"<p>Taxitj\u00e4nst Soten\u00e4s AB erbjuder taxi via buss. Vi tar upp till sju passagerare i bussen.<\/p>\n<p>Vi k\u00f6r prim\u00e4rt i omr\u00e5det Hunnebostrand (Hunnebo), Bovallstrand (Bovall), Sm\u00f6gen och Kungshamn.<\/p>\n<p><a href=\"tel:\/\/0709783476\">Ring oss g\u00e4rna<\/a> f\u00f6r bokning eller mer information.<\/p>\n","protected":false},"excerpt":{"rendered":"<p>Taxitj\u00e4nst Soten\u00e4s AB erbjuder taxi via buss. Vi tar upp till sju passagerare i bussen. Vi k\u00f6r prim\u00e4rt i omr\u00e5det Hunnebostrand (Hunnebo), [&hellip;]<\/p>\n","protected":false},"author":1,"featured_media":1875,"parent":0,"menu_order":0,"comment_status":"closed","ping_status":"closed","template":"","meta":{"_oct_exclude_from_cache":false,"footnotes":""},"class_list":["post-10","page","type-page","status-publish","has-post-thumbnail","hentry"],"_links":{"self":[{"href":"https:\/\/www.taxitjanst-sotenas.se\/index.php?rest_route=\/wp\/v2\/pages\/10","targetHints":{"allow":["GET"]}}],"collection":[{"href":"https:\/\/www.taxitjanst-sotenas.se\/index.php?rest_route=\/wp\/v2\/pages"}],"about":[{"href":"https:\/\/www.taxitjanst-sotenas.se\/index.php?rest_route=\/wp\/v2\/types\/page"}],"author":[{"embeddable":true,"href":"https:\/\/www.taxitjanst-sotenas.se\/index.php?rest_route=\/wp\/v2\/users\/1"}],"replies":[{"embeddable":true,"href":"https:\/\/www.taxitjanst-sotenas.se\/index.php?rest_route=%2Fwp%2Fv2%2Fcomments&post=10"}],"version-history":[{"count":4,"href":"https:\/\/www.taxitjanst-sotenas.se\/index.php?rest_route=\/wp\/v2\/pages\/10\/revisions"}],"predecessor-version":[{"id":1906,"href":"https:\/\/www.taxitjanst-sotenas.se\/index.php?rest_route=\/wp\/v2\/pages\/10\/revisions\/1906"}],"wp:featuredmedia":[{"embeddable":true,"href":"https:\/\/www.taxitjanst-sotenas.se\/index.php?rest_route=\/wp\/v2\/media\/1875"}],"wp:attachment":[{"href":"https:\/\/www.taxitjanst-sotenas.se\/index.php?rest_route=%2Fwp%2Fv2%2Fmedia&parent=10"}],"curies":[{"name":"wp","href":"https:\/\/api.w.org\/{rel}","templated":true}]}}